{"id":250900,"date":"2020-04-24T20:34:59","date_gmt":"2020-04-24T18:34:59","guid":{"rendered":"https:\/\/www.where2travel.com\/conditions-dutilisation\/"},"modified":"2021-04-21T19:31:02","modified_gmt":"2021-04-21T17:31:02","slug":"condiciones-de-uso","status":"publish","type":"page","link":"https:\/\/www.where2travel.com\/es\/condiciones-de-uso\/","title":{"rendered":"Condiciones de uso"},"content":{"rendered":"<p>[et_pb_section fb_built=&#8221;1&#8243; module_id=&#8221;section-quoi&#8221; _builder_version=&#8221;3.22.3&#8243; background_color=&#8221;#ffffff&#8221; custom_margin=&#8221;0px|||&#8221; custom_margin_tablet=&#8221;&#8221; custom_margin_phone=&#8221;3px||10px|&#8221; custom_margin_last_edited=&#8221;on|desktop&#8221; custom_padding=&#8221;0|0|0px|0px|false|false&#8221; top_divider_height_tablet=&#8221;50px&#8221; top_divider_height_phone=&#8221;40px&#8221; top_divider_height_last_edited=&#8221;on|tablet&#8221; bottom_divider_color=&#8221;#0d3f5e&#8221; bottom_divider_height=&#8221;190px&#8221; bottom_divider_flip=&#8221;horizontal&#8221; bottom_divider_height_tablet=&#8221;123px&#8221; bottom_divider_height_phone=&#8221;107px&#8221; bottom_divider_height_last_edited=&#8221;on|phone&#8221; locked=&#8221;off&#8221;][et_pb_row custom_padding_last_edited=&#8221;on|desktop&#8221; _builder_version=&#8221;3.25&#8243; custom_margin=&#8221;100px||0px|&#8221; custom_margin_tablet=&#8221;75px|||&#8221; custom_margin_phone=&#8221;91px|||&#8221; custom_margin_last_edited=&#8221;on|phone&#8221; custom_padding=&#8221;0px|0px|152px|0px|false|false&#8221; custom_padding_tablet=&#8221;||125px|&#8221; custom_padding_phone=&#8221;||88px|&#8221;][et_pb_column type=&#8221;4_4&#8243; _builder_version=&#8221;3.25&#8243; custom_padding=&#8221;|||&#8221; custom_padding__hover=&#8221;|||&#8221;][et_pb_sidebar area=&#8221;et_pb_widget_area_4&#8243; _builder_version=&#8221;3.19.14&#8243; header_font=&#8221;||||||||&#8221; header_text_color=&#8221;#000000&#8243;][\/et_pb_sidebar][et_pb_text admin_label=&#8221;Video of Iceland&#8221; _builder_version=&#8221;4.9.4&#8243; text_font=&#8221;||||&#8221; text_text_color=&#8221;#1a1a1a&#8221; header_font=&#8221;Oswald|on||on|&#8221; header_text_align=&#8221;left&#8221; header_text_color=&#8221;#113e5d&#8221; header_font_size=&#8221;60px&#8221; header_line_height=&#8221;1.3em&#8221; header_2_font=&#8221;Oswald|on||on|&#8221; header_2_text_align=&#8221;left&#8221; header_2_text_color=&#8221;#0d5e55&#8243; header_2_font_size=&#8221;60px&#8221; header_2_line_height=&#8221;1.3em&#8221; custom_margin=&#8221;-10px|0px|70px|0px||true&#8221; custom_margin_tablet=&#8221;|0px|65px|0px||true&#8221; custom_margin_phone=&#8221;-10px|0px|60px|0px||true&#8221; custom_margin_last_edited=&#8221;on|tablet&#8221; animation_style=&#8221;slide&#8221; animation_direction=&#8221;top&#8221; animation_intensity_slide=&#8221;10%&#8221; header_font_size_tablet=&#8221;55px&#8221; header_font_size_phone=&#8221;40px&#8221; header_font_size_last_edited=&#8221;on|phone&#8221; header_2_font_size_tablet=&#8221;55px&#8221; header_2_font_size_phone=&#8221;40px&#8221; header_2_font_size_last_edited=&#8221;on|phone&#8221;]<\/p>\n<h1 style=\"text-align: center;\">Condiciones de uso<\/h1>\n<p>[\/et_pb_text][et_pb_text _builder_version=&#8221;4.9.4&#8243; text_font=&#8221;Roboto||||||||&#8221; text_text_color=&#8221;#000000&#8243; text_font_size=&#8221;16px&#8221; text_line_height=&#8221;2em&#8221; link_font=&#8221;Roboto||||||||&#8221; link_text_color=&#8221;#68A3CB&#8221; link_font_size=&#8221;16px&#8221; link_line_height=&#8221;2em&#8221; header_font=&#8221;Varela Round|700|||||||&#8221; header_text_align=&#8221;center&#8221; header_text_color=&#8221;#2a8a6f&#8221; header_font_size=&#8221;40px&#8221; header_line_height=&#8221;1.4em&#8221; header_2_font=&#8221;Roboto|700|||on||||&#8221; header_2_text_align=&#8221;left&#8221; header_2_text_color=&#8221;#000000&#8243; header_2_font_size=&#8221;22px&#8221; header_2_line_height=&#8221;1.4em&#8221; header_3_font=&#8221;Montserrat||||||||&#8221; header_3_text_align=&#8221;justify&#8221; header_3_text_color=&#8221;#555555&#8243; header_3_font_size=&#8221;20px&#8221; header_3_line_height=&#8221;1.4em&#8221; text_orientation=&#8221;justified&#8221; custom_margin=&#8221;150px||70px|&#8221; custom_margin_tablet=&#8221;112px||100px|&#8221; custom_margin_phone=&#8221;106px||47px|&#8221; custom_margin_last_edited=&#8221;on|phone&#8221; custom_padding=&#8221;|100px||100px&#8221; custom_padding_tablet=&#8221;|0px||0px&#8221; custom_padding_phone=&#8221;&#8221; custom_padding_last_edited=&#8221;on|desktop&#8221; animation_style=&#8221;slide&#8221; animation_direction=&#8221;top&#8221; animation_intensity_slide=&#8221;10%&#8221; hover_enabled=&#8221;0&#8243; text_font_size_tablet=&#8221;16px&#8221; text_font_size_phone=&#8221;15px&#8221; text_font_size_last_edited=&#8221;on|phone&#8221; text_letter_spacing_tablet=&#8221;&#8221; text_letter_spacing_phone=&#8221;&#8221; text_letter_spacing_last_edited=&#8221;on|tablet&#8221; text_line_height_tablet=&#8221;&#8221; text_line_height_phone=&#8221;&#8221; text_line_height_last_edited=&#8221;on|phone&#8221; link_font_size_tablet=&#8221;16px&#8221; link_font_size_phone=&#8221;15px&#8221; link_font_size_last_edited=&#8221;on|desktop&#8221; link_line_height_tablet=&#8221;&#8221; link_line_height_phone=&#8221;&#8221; link_line_height_last_edited=&#8221;on|phone&#8221; header_font_size_tablet=&#8221;30px&#8221; header_font_size_phone=&#8221;25px&#8221; header_font_size_last_edited=&#8221;on|phone&#8221; header_2_font_size_tablet=&#8221;20px&#8221; header_2_font_size_phone=&#8221;18px&#8221; header_2_font_size_last_edited=&#8221;on|tablet&#8221; header_3_font_size_tablet=&#8221;16px&#8221; header_3_font_size_phone=&#8221;14px&#8221; header_3_font_size_last_edited=&#8221;on|desktop&#8221; saved_tabs=&#8221;all&#8221; sticky_enabled=&#8221;0&#8243;]<\/p>\n<p>Lea atentamente los t\u00e9rminos de uso antes de empezar a utilizar el sitio web. Al utilizar el sitio web o haciendo clic en aceptar o aceptar los t\u00e9rminos de uso cuando esta opci\u00f3n se le puso a su disposici\u00f3n, usted acepta cumplir con estos t\u00e9rminos de uso y nuestra pol\u00edtica de privacidad, incorporados aqu\u00ed por referencia. Si no desea aceptar estos t\u00e9rminos de uso, incluidos los acuerdos incorporados por referencia en este caso, no debe acceder ni utilizar el sitio web.<\/p>\n<p>&nbsp;<\/p>\n<p>&nbsp;<\/p>\n<h2><b>General<\/b><\/h2>\n<p>&nbsp;<\/p>\n<p>Este sitio web (el &#8220;sitio&#8221;) es propiedad y est\u00e1 operado por Where2Travel (&#8220;La Compa\u00f1\u00eda&#8221;, &#8220;nosotros&#8221; o &#8220;nosotros&#8221;). Al utilizar el Sitio, usted acepta estar sujeto a los siguientes T\u00e9rminos de Servicio y utilizar el Sitio de acuerdo con estos T\u00e9rminos de Servicio. Nuestra Pol\u00edtica de Privacidad y cualquier condici\u00f3n adicional que pueda aplicarse a secciones espec\u00edficas del sitio o a los productos y servicios disponibles a trav\u00e9s del sitio o a trav\u00e9s de la Compa\u00f1\u00eda. El acceso al Sitio, de cualquier manera, ya sea automatizado o de otro tipo, es el uso del sitio y su acuerdo que estar\u00e1n obligados por estos T\u00e9rminos de Servicio.<\/p>\n<p>&nbsp;<\/p>\n<p>&nbsp;<\/p>\n<h2><b>Derechos de propiedad intelectual<\/b><\/h2>\n<p>&nbsp;<\/p>\n<p>A menos que se indique lo contrario, todo el contenido escrito en este sitio pertenece a Where2Travel.com, y\/o a nuestros afiliados o licenciatarios, y est\u00e1n protegidos por derechos de autor, marcas comerciales y otras leyes de propiedad intelectual. El Sitio se proporciona \u00fanicamente para su uso personal no comercial. Usted no puede utilizar el sitio o los recursos disponibles en el sitio de una manera que viole nuestros derechos o no haya sido autorizado por nosotros. Espec\u00edficamente, no puede modificar, copiar, reproducir, volver a publicar, descargar, publicar, traducir, vender, crear trabajos derivados, explotar o distribuir de ninguna manera o medio (incluso por correo electr\u00f3nico u otros medios electr\u00f3nicos) cualquier material del Sitio sin autorizaci\u00f3n previa. Sin embargo, puede descargar, imprimir y\/o compartir una copia de p\u00e1ginas individuales del Sitio con fines no comerciales, siempre que mantenga intactos todos los derechos de autor y otras opiniones exclusivas.<\/p>\n<p>&nbsp;<\/p>\n<p>&nbsp;<\/p>\n<h2><b>Su licencia para nosotros<\/b><\/h2>\n<p>&nbsp;<\/p>\n<p>Al publicarnos o enviarnos cualquier art\u00edculo (incluidos, entre otros, comentarios, entradas de blog, publicaciones de Facebook, fotos y v\u00eddeos) a trav\u00e9s del sitio web, grupos de Internet, sitios de redes sociales o a cualquiera de nuestros empleados por correo electr\u00f3nico, texto o de otro modo, usted declara: i) que usted es el propietario del art\u00edculo, o que hace su anuncio o env\u00edo con el consentimiento del propietario del material; Y (ii) tienes dieciocho a\u00f1os o m\u00e1s. Adem\u00e1s, cuando usted env\u00eda, env\u00eda un correo electr\u00f3nico, texto o publica cualquier material, nos concede, y cualquier persona autorizada por nosotros, una licencia global libre de regal\u00edas, perpetua, irrevocable, no exclusiva, sin restricciones, para usar, copiar, editar, transmitir, vender, crear obras derivadas, distribuir y\/o mostrar p\u00fablicamente este material, en su totalidad o de cualquier manera, ahora conocido o desarrollado. La subvenci\u00f3n anterior incluye el derecho a explotar cualquier derecho exclusivo en dicha asignaci\u00f3n o presentaci\u00f3n, incluidas, entre otras, las leyes de derecho de autor, marcas, marcas, marcas de servicio o patentes bajo cualquier jurisdicci\u00f3n pertinente. Adem\u00e1s, como parte del ejercicio de estos derechos, usted nos otorga, y a cualquier persona autorizada por nosotros, el derecho a identificarlo como autor de una de sus publicaciones o env\u00edos por nombre, direcci\u00f3n de correo electr\u00f3nico o nombre de pantalla, seg\u00fan lo consideremos apropiado.<\/p>\n<p>&nbsp;<\/p>\n<p>&nbsp;<\/p>\n<h2><b>Limitaciones en la vinculaci\u00f3n y el encuadre<\/b><\/h2>\n<p>&nbsp;<\/p>\n<p>Puede establecer un hiperv\u00ednculo al Sitio siempre y cuando el enlace no indique o implique ning\u00fan patrocinio de su sitio por nuestra parte o el Sitio. Sin embargo, no puede, sin nuestro permiso previo por escrito, enmarcar o vincular ning\u00fan contenido del Sitio, ni incorporar nuestro material, contenido o propiedad intelectual a otro sitio web u otro servicio.<\/p>\n<p>&nbsp;<\/p>\n<p>&nbsp;<\/p>\n<h2><b>Privacidad<\/b><\/h2>\n<p>&nbsp;<\/p>\n<p>&nbsp;<\/p>\n<p>Su uso del sitio web tambi\u00e9n est\u00e1 sujeto a la pol\u00edtica de privacidad de la Compa\u00f1\u00eda. Consulte nuestra pol\u00edtica de privacidad, que tambi\u00e9n rige el sitio web e informa a los usuarios de nuestras pr\u00e1cticas de recopilaci\u00f3n de datos. Su acuerdo a la <strong><a href=\"https:\/\/www.where2travel.com\/es\/politica-de-privacidad\/\">pol\u00edtica de privacidad<\/a><\/strong> se incorpora aqu\u00ed en estos conditiones de uso.<\/p>\n<p>&nbsp;<\/p>\n<p>&nbsp;<\/p>\n<h2><b>Exactitud de la informaci\u00f3n<\/b><\/h2>\n<p>&nbsp;<\/p>\n<p>&nbsp;<\/p>\n<p>Si bien nos esforzamos por asegurarnos de que toda la informaci\u00f3n en el Sitio sea precisa, no podemos garantizar que toda la informaci\u00f3n sea precisa y actualizada en todo momento. El sitio contiene una gran cantidad de datos, y es probable que se produzcan errores en el seguimiento de cambios tales como, pero no limitado a cambios en las fechas y horas de eventos, precios, alojamiento u otra informaci\u00f3n de viaje. Parte de este sitio contiene documentos enviados a where2Travel.com por terceros. Es responsabilidad de estos terceros asegurarse de que los documentos presentados para su inclusi\u00f3n en este sitio cumplan con las leyes nacionales y extranjeras pertinentes.<\/p>\n<p>No podemos garantizar la exactitud o fiabilidad de este material y, en este caso, renunciamos a cualquier responsabilidad por errores, omisiones o inexactitudes en el material o por cualquier mala interpretaci\u00f3n, p\u00e9rdida, decepci\u00f3n, negligencia o da\u00f1o causado por el uso de cualquier material contenido en el sitio.<\/p>\n<p>Tampoco podemos aceptar la responsabilidad por un supuesto incumplimiento o falta de prestaci\u00f3n de los servicios mencionados en el presente, o en caso de quiebra, liquidaci\u00f3n o terminaci\u00f3n del intercambio de una empresa, persona o negocio mencionado aqu\u00ed. Es aconsejable consultar con el establecimiento en cuesti\u00f3n.<\/p>\n<p>No aceptamos ninguna responsabilidad por el contenido de un sitio con un hiperv\u00ednculo de este sitio. Estos enlaces se proporcionan para su comodidad &#8220;tal cual&#8221;. Si encuentra informaci\u00f3n inexacta en el sitio, por favor inf\u00f3rmenos Contact@where2Travel.com y la corregiremos tan pronto como sea posible hacerlo.<\/p>\n<p>&nbsp;<\/p>\n<p>&nbsp;<\/p>\n<h2><b>No garant\u00eda de resultados<\/b><\/h2>\n<p>&nbsp;<\/p>\n<p>&nbsp;<\/p>\n<p>Usted acepta que la Compa\u00f1\u00eda no ha hecho ninguna garant\u00eda en cuanto a los resultados de una acci\u00f3n, ya sea recomendada en este sitio web o no. La Compa\u00f1\u00eda proporciona recursos educativos y de informaci\u00f3n para ayudar a los usuarios de este sitio web a tener \u00e9xito. Sin embargo, usted reconoce que su \u00e9xito o fracaso final ser\u00e1 el resultado de sus propios esfuerzos, su situaci\u00f3n particular y un sinn\u00famero de otras circunstancias m\u00e1s all\u00e1 de la voluntad y\/o conocimiento de la Compa\u00f1\u00eda.<\/p>\n<p>Tambi\u00e9n reconoce que los resultados anteriores no garantizan un resultado similar. Por lo tanto, los resultados obtenidos por otros, ya sean clientes de la Compa\u00f1\u00eda u otro, que aplican los principios indicados en el sitio no garantizan que usted o cualquier otra persona o entidad ser\u00e1 capaz de lograr resultados similares.<\/p>\n<p>&nbsp;<\/p>\n<p>&nbsp;<\/p>\n<h2><b>Limitaci\u00f3n de responsabilidad<\/b><\/h2>\n<p>&nbsp;<\/p>\n<p>&nbsp;<\/p>\n<p>Bajo ninguna circunstancia, incluyendo, pero no limitado a, negligencia, nosotros, nuestras subsidiarias y empresas matrices o afiliadas seremos responsables de cualquier da\u00f1o directo, indirecto, incidental, especial o consecuente resultante del uso o incapacidad de usar el sitio, incluyendo en nuestro correo electr\u00f3nico, blogs, comentarios de otras personas, libros, correos electr\u00f3nicos, productos o servicios, o documentos, productos o servicios de terceros puestos a disposici\u00f3n en el sitio o por nosotros de cualquier manera, incluso si estamos informados con anticipaci\u00f3n de la posibilidad de dicho da\u00f1o. (Debido a que algunos estados no permiten la exclusi\u00f3n o limitaci\u00f3n de ciertas categor\u00edas de da\u00f1os, la limitaci\u00f3n anterior no puede aplicarse a usted. en esos estados, nuestra responsabilidad y responsabilidad de nuestras subsidiarias y empresas matrices o afiliadas se limita al m\u00e1ximo permitido por esta ley estatal.) Usted reconoce y acepta expresamente que no somos responsables de conducta difamatoria, ofensiva o ilegal por parte de un usuario. Si no est\u00e1 satisfecho con el sitio, materiales, productos o servicios en el lugar, o con las condiciones del sitio, su \u00fanico remedio exclusivo es dejar de usar el sitio y productos, servicios y\/o materiales.<\/p>\n<p>&nbsp;<\/p>\n<p>&nbsp;<\/p>\n<h2><strong>Restricci\u00f3n de terminaci\u00f3n y acceso<\/strong><\/h2>\n<p>&nbsp;<\/p>\n<p>&nbsp;<\/p>\n<p>La Compa\u00f1\u00eda se reserva el derecho, a su entera discreci\u00f3n, de cancelar su acceso al Sitio Web y servicios relacionados o cualquier parte del mismo en cualquier momento, sin previo aviso. En la medida m\u00e1xima permitida por la ley, y usted acepta en lo sucesivo resolver cualquier disputa que surja de este sitio web o T\u00e9rminos de uso de acuerdo con la cl\u00e1usula de arbitraje anterior. El uso del Sitio Web no est\u00e1 permitido en ninguna jurisdicci\u00f3n que no afecte a todas las disposiciones de estos T\u00e9rminos, incluyendo, sin limitaci\u00f3n, esa secci\u00f3n.<\/p>\n<p>&nbsp;<\/p>\n<p>&nbsp;<\/p>\n<h2><strong>Gobierno de la ley<\/strong><\/h2>\n<p>&nbsp;<\/p>\n<p>Estos t\u00e9rminos deben interpretarse de conformidad con la legislaci\u00f3n francesa y regidas, sin hacer referencia a sus normas sobre conflictos de leyes. Usted acepta irrevocablemente la jurisdicci\u00f3n exclusiva de Francia en todas las disputas derivadas del uso del sitio o relacionadas con el uso del sitio.<\/p>\n<p>&nbsp;<\/p>\n<h2><strong>Cont\u00e1ctenos<\/strong><\/h2>\n<p>&nbsp;<\/p>\n<p>Si tiene alguna pregunta o comentario sobre la Pol\u00edtica de privacidad, puede ponerse en contacto con nosotros en:<\/p>\n<p>Direcci\u00f3n de correo electr\u00f3nico: Contact@where2Travel.com<\/p>\n<p>[\/et_pb_text][\/et_pb_column][\/et_pb_row][\/et_pb_section]<\/p>\n<span class=\"et_bloom_bottom_trigger\"><\/span>","protected":false},"excerpt":{"rendered":"<p>Condiciones de usoLea atentamente los t\u00e9rminos de uso antes de empezar a utilizar el sitio web. Al utilizar el sitio web o haciendo clic en aceptar o aceptar los t\u00e9rminos de uso cuando esta opci\u00f3n se le puso a su disposici\u00f3n, usted acepta cumplir con estos t\u00e9rminos de uso y nuestra pol\u00edtica de privacidad, incorporados [&hellip;]<\/p>\n","protected":false},"author":2,"featured_media":0,"parent":0,"menu_order":0,"comment_status":"closed","ping_status":"closed","template":"","meta":{"_et_pb_use_builder":"on","_et_pb_old_content":"","_et_gb_content_width":"","ngg_post_thumbnail":0,"footnotes":""},"yoast_head":"<!-- This site is optimized with the Yoast SEO plugin v18.0 - https:\/\/yoast.com\/wordpress\/plugins\/seo\/ -->\n<title>Where2travel - Condiciones de uso<\/title>\n<meta name=\"description\" content=\"Estos son los condiciones de uso de Where2travel.com.\" \/>\n<meta name=\"robots\" content=\"index, follow, max-snippet:-1, max-image-preview:large, max-video-preview:-1\" \/>\n<link rel=\"canonical\" href=\"https:\/\/www.where2travel.com\/es\/condiciones-de-uso\/\" \/>\n<meta property=\"og:locale\" content=\"es_ES\" \/>\n<meta property=\"og:type\" content=\"article\" \/>\n<meta property=\"og:title\" content=\"Where2travel - Condiciones de uso\" \/>\n<meta property=\"og:description\" content=\"Estos son los condiciones de uso de Where2travel.com.\" \/>\n<meta property=\"og:url\" content=\"https:\/\/www.where2travel.com\/es\/condiciones-de-uso\/\" \/>\n<meta property=\"og:site_name\" content=\"Organise your own trips quick, simple and cheap\" \/>\n<meta property=\"article:publisher\" content=\"https:\/\/www.facebook.com\/Where2travel.Dan\" \/>\n<meta property=\"article:modified_time\" content=\"2021-04-21T17:31:02+00:00\" \/>\n<meta name=\"twitter:card\" content=\"summary_large_image\" \/>\n<meta name=\"twitter:label1\" content=\"Tiempo de lectura\" \/>\n\t<meta name=\"twitter:data1\" content=\"11 minutos\" \/>\n<script type=\"application\/ld+json\" class=\"yoast-schema-graph\">{\"@context\":\"https:\/\/schema.org\",\"@graph\":[{\"@type\":\"Organization\",\"@id\":\"https:\/\/www.where2travel.com\/es\/#organization\",\"name\":\"Where2travel\",\"url\":\"https:\/\/www.where2travel.com\/es\/\",\"sameAs\":[\"https:\/\/www.facebook.com\/Where2travel.Dan\",\"https:\/\/www.instagram.com\/where2travel\/\",\"https:\/\/www.youtube.com\/channel\/UC48JP_B1G3sbDqaTPd3Uprw\",\"https:\/\/www.pinterest.fr\/DanWhere2travel\/\"],\"logo\":{\"@type\":\"ImageObject\",\"@id\":\"https:\/\/www.where2travel.com\/es\/#logo\",\"inLanguage\":\"es\",\"url\":\"https:\/\/www.where2travel.com\/wp-content\/uploads\/2019\/05\/Logo-Where2travel.png\",\"contentUrl\":\"https:\/\/www.where2travel.com\/wp-content\/uploads\/2019\/05\/Logo-Where2travel.png\",\"width\":252,\"height\":77,\"caption\":\"Where2travel\"},\"image\":{\"@id\":\"https:\/\/www.where2travel.com\/es\/#logo\"}},{\"@type\":\"WebSite\",\"@id\":\"https:\/\/www.where2travel.com\/es\/#website\",\"url\":\"https:\/\/www.where2travel.com\/es\/\",\"name\":\"Organise your own trips quick, simple and cheap\",\"description\":\"Find travel inspirations and plan your own trips quick, simple and cheap\",\"publisher\":{\"@id\":\"https:\/\/www.where2travel.com\/es\/#organization\"},\"potentialAction\":[{\"@type\":\"SearchAction\",\"target\":{\"@type\":\"EntryPoint\",\"urlTemplate\":\"https:\/\/www.where2travel.com\/es\/?s={search_term_string}\"},\"query-input\":\"required name=search_term_string\"}],\"inLanguage\":\"es\"},{\"@type\":\"WebPage\",\"@id\":\"https:\/\/www.where2travel.com\/es\/condiciones-de-uso\/#webpage\",\"url\":\"https:\/\/www.where2travel.com\/es\/condiciones-de-uso\/\",\"name\":\"Where2travel - Condiciones de uso\",\"isPartOf\":{\"@id\":\"https:\/\/www.where2travel.com\/es\/#website\"},\"datePublished\":\"2020-04-24T18:34:59+00:00\",\"dateModified\":\"2021-04-21T17:31:02+00:00\",\"description\":\"Estos son los condiciones de uso de Where2travel.com.\",\"breadcrumb\":{\"@id\":\"https:\/\/www.where2travel.com\/es\/condiciones-de-uso\/#breadcrumb\"},\"inLanguage\":\"es\",\"potentialAction\":[{\"@type\":\"ReadAction\",\"target\":[\"https:\/\/www.where2travel.com\/es\/condiciones-de-uso\/\"]}]},{\"@type\":\"BreadcrumbList\",\"@id\":\"https:\/\/www.where2travel.com\/es\/condiciones-de-uso\/#breadcrumb\",\"itemListElement\":[{\"@type\":\"ListItem\",\"position\":1,\"name\":\"Home\",\"item\":\"https:\/\/www.where2travel.com\/es\/\"},{\"@type\":\"ListItem\",\"position\":2,\"name\":\"Condiciones de uso\"}]}]}<\/script>\n<!-- \/ Yoast SEO plugin. -->","yoast_head_json":{"title":"Where2travel - Condiciones de uso","description":"Estos son los condiciones de uso de Where2travel.com.","robots":{"index":"index","follow":"follow","max-snippet":"max-snippet:-1","max-image-preview":"max-image-preview:large","max-video-preview":"max-video-preview:-1"},"canonical":"https:\/\/www.where2travel.com\/es\/condiciones-de-uso\/","og_locale":"es_ES","og_type":"article","og_title":"Where2travel - Condiciones de uso","og_description":"Estos son los condiciones de uso de Where2travel.com.","og_url":"https:\/\/www.where2travel.com\/es\/condiciones-de-uso\/","og_site_name":"Organise your own trips quick, simple and cheap","article_publisher":"https:\/\/www.facebook.com\/Where2travel.Dan","article_modified_time":"2021-04-21T17:31:02+00:00","twitter_card":"summary_large_image","twitter_misc":{"Tiempo de lectura":"11 minutos"},"schema":{"@context":"https:\/\/schema.org","@graph":[{"@type":"Organization","@id":"https:\/\/www.where2travel.com\/es\/#organization","name":"Where2travel","url":"https:\/\/www.where2travel.com\/es\/","sameAs":["https:\/\/www.facebook.com\/Where2travel.Dan","https:\/\/www.instagram.com\/where2travel\/","https:\/\/www.youtube.com\/channel\/UC48JP_B1G3sbDqaTPd3Uprw","https:\/\/www.pinterest.fr\/DanWhere2travel\/"],"logo":{"@type":"ImageObject","@id":"https:\/\/www.where2travel.com\/es\/#logo","inLanguage":"es","url":"https:\/\/www.where2travel.com\/wp-content\/uploads\/2019\/05\/Logo-Where2travel.png","contentUrl":"https:\/\/www.where2travel.com\/wp-content\/uploads\/2019\/05\/Logo-Where2travel.png","width":252,"height":77,"caption":"Where2travel"},"image":{"@id":"https:\/\/www.where2travel.com\/es\/#logo"}},{"@type":"WebSite","@id":"https:\/\/www.where2travel.com\/es\/#website","url":"https:\/\/www.where2travel.com\/es\/","name":"Organise your own trips quick, simple and cheap","description":"Find travel inspirations and plan your own trips quick, simple and cheap","publisher":{"@id":"https:\/\/www.where2travel.com\/es\/#organization"},"potentialAction":[{"@type":"SearchAction","target":{"@type":"EntryPoint","urlTemplate":"https:\/\/www.where2travel.com\/es\/?s={search_term_string}"},"query-input":"required name=search_term_string"}],"inLanguage":"es"},{"@type":"WebPage","@id":"https:\/\/www.where2travel.com\/es\/condiciones-de-uso\/#webpage","url":"https:\/\/www.where2travel.com\/es\/condiciones-de-uso\/","name":"Where2travel - Condiciones de uso","isPartOf":{"@id":"https:\/\/www.where2travel.com\/es\/#website"},"datePublished":"2020-04-24T18:34:59+00:00","dateModified":"2021-04-21T17:31:02+00:00","description":"Estos son los condiciones de uso de Where2travel.com.","breadcrumb":{"@id":"https:\/\/www.where2travel.com\/es\/condiciones-de-uso\/#breadcrumb"},"inLanguage":"es","potentialAction":[{"@type":"ReadAction","target":["https:\/\/www.where2travel.com\/es\/condiciones-de-uso\/"]}]},{"@type":"BreadcrumbList","@id":"https:\/\/www.where2travel.com\/es\/condiciones-de-uso\/#breadcrumb","itemListElement":[{"@type":"ListItem","position":1,"name":"Home","item":"https:\/\/www.where2travel.com\/es\/"},{"@type":"ListItem","position":2,"name":"Condiciones de uso"}]}]}},"_links":{"self":[{"href":"https:\/\/www.where2travel.com\/es\/wp-json\/wp\/v2\/pages\/250900"}],"collection":[{"href":"https:\/\/www.where2travel.com\/es\/wp-json\/wp\/v2\/pages"}],"about":[{"href":"https:\/\/www.where2travel.com\/es\/wp-json\/wp\/v2\/types\/page"}],"author":[{"embeddable":true,"href":"https:\/\/www.where2travel.com\/es\/wp-json\/wp\/v2\/users\/2"}],"replies":[{"embeddable":true,"href":"https:\/\/www.where2travel.com\/es\/wp-json\/wp\/v2\/comments?post=250900"}],"version-history":[{"count":3,"href":"https:\/\/www.where2travel.com\/es\/wp-json\/wp\/v2\/pages\/250900\/revisions"}],"predecessor-version":[{"id":250908,"href":"https:\/\/www.where2travel.com\/es\/wp-json\/wp\/v2\/pages\/250900\/revisions\/250908"}],"wp:attachment":[{"href":"https:\/\/www.where2travel.com\/es\/wp-json\/wp\/v2\/media?parent=250900"}],"curies":[{"name":"wp","href":"https:\/\/api.w.org\/{rel}","templated":true}]}}